{"id":2213,"date":"2025-04-25T08:42:07","date_gmt":"2025-04-25T08:42:07","guid":{"rendered":"https:\/\/hutitsolutions.com\/?page_id=2213"},"modified":"2025-11-05T11:06:07","modified_gmt":"2025-11-05T11:06:07","slug":"cariere","status":"publish","type":"page","link":"https:\/\/hutitsolutions.com\/ro\/cariere\/","title":{"rendered":"Cariere"},"content":{"rendered":"\t\t<div data-elementor-type=\"wp-page\" data-elementor-id=\"2213\" class=\"elementor elementor-2213\">\n\t\t\t\t<div class=\"elementor-element elementor-element-d32ab44 e-con-full hero-section-light-mode animated-slow e-flex wpr-particle-no wpr-jarallax-no wpr-parallax-no wpr-sticky-section-no wpr-equal-height-no elementor-invisible e-con e-parent\" data-id=\"d32ab44\" data-element_type=\"container\" data-e-type=\"container\" data-settings=\"{&quot;animation&quot;:&quot;fadeIn&quot;,&quot;animation_delay&quot;:100}\">\n\t\t<div class=\"elementor-element elementor-element-1d2ae5e e-con-full e-flex wpr-particle-no wpr-jarallax-no wpr-parallax-no wpr-sticky-section-no wpr-equal-height-no e-con e-child\" data-id=\"1d2ae5e\" data-element_type=\"container\" data-e-type=\"container\" data-settings=\"{&quot;background_background&quot;:&quot;classic&quot;}\">\n\t\t<div class=\"elementor-element elementor-element-ce558db e-con-full e-flex wpr-particle-no wpr-jarallax-no wpr-parallax-no wpr-sticky-section-no wpr-equal-height-no e-con e-child\" data-id=\"ce558db\" data-element_type=\"container\" data-e-type=\"container\">\n\t\t<div class=\"elementor-element elementor-element-9b37e3f e-flex e-con-boxed wpr-particle-no wpr-jarallax-no wpr-parallax-no wpr-sticky-section-no wpr-equal-height-no e-con e-child\" data-id=\"9b37e3f\" data-element_type=\"container\" data-e-type=\"container\">\n\t\t\t\t\t<div class=\"e-con-inner\">\n\t\t\t\t<div class=\"elementor-element elementor-element-100e799 elementor-widget elementor-widget-heading\" data-id=\"100e799\" data-element_type=\"widget\" data-e-type=\"widget\" data-widget_type=\"heading.default\">\n\t\t\t\t<div class=\"elementor-widget-container\">\n\t\t\t\t\t<h1 class=\"elementor-heading-title elementor-size-default\">Cariere<\/h1>\t\t\t\t<\/div>\n\t\t\t\t<\/div>\n\t\t\t\t<div class=\"elementor-element elementor-element-729fb65 elementor-widget elementor-widget-heading\" data-id=\"729fb65\" data-element_type=\"widget\" data-e-type=\"widget\" data-widget_type=\"heading.default\">\n\t\t\t\t<div class=\"elementor-widget-container\">\n\t\t\t\t\t<h2 class=\"elementor-heading-title elementor-size-default\">Dac\u0103 e\u0219ti pasionat de ceea ce faci, vrem s\u0103 te cunoa\u0219tem!<\/h2>\t\t\t\t<\/div>\n\t\t\t\t<\/div>\n\t\t<div class=\"elementor-element elementor-element-6cd3e43 e-con-full e-flex wpr-particle-no wpr-jarallax-no wpr-parallax-no wpr-sticky-section-no wpr-equal-height-no e-con e-child\" data-id=\"6cd3e43\" data-element_type=\"container\" data-e-type=\"container\">\n\t\t\t\t<div class=\"elementor-element elementor-element-96d57cd elementor-widget elementor-widget-text-editor\" data-id=\"96d57cd\" data-element_type=\"widget\" data-e-type=\"widget\" data-widget_type=\"text-editor.default\">\n\t\t\t\t<div class=\"elementor-widget-container\">\n\t\t\t\t\t\t\t\t\t<p>Suntem mereu \u00een c\u0103utare de oameni talenta\u021bi \u0219i dornici s\u0103 evolueze. Dac\u0103 ai g\u0103sit un rol care \u021bi se potrive\u0219te, aplic\u0103 acum \u0219i te vom contacta!<\/p>\t\t\t\t\t\t\t\t<\/div>\n\t\t\t\t<\/div>\n\t\t\t\t<\/div>\n\t\t\t\t\t<\/div>\n\t\t\t\t<\/div>\n\t\t\t\t<\/div>\n\t\t\t\t<\/div>\n\t\t\t\t<\/div>\n\t\t<div class=\"elementor-element elementor-element-127e2a7 e-con-full third-light-hero e-flex wpr-particle-no wpr-jarallax-no wpr-parallax-no wpr-sticky-section-no wpr-equal-height-no e-con e-parent\" data-id=\"127e2a7\" data-element_type=\"container\" data-e-type=\"container\">\n\t\t<div class=\"elementor-element elementor-element-706f035 animated-slow e-flex e-con-boxed wpr-particle-no wpr-jarallax-no wpr-parallax-no wpr-sticky-section-no wpr-equal-height-no elementor-invisible e-con e-child\" data-id=\"706f035\" data-element_type=\"container\" data-e-type=\"container\" data-settings=\"{&quot;background_background&quot;:&quot;classic&quot;,&quot;animation&quot;:&quot;fadeIn&quot;,&quot;animation_delay&quot;:100}\">\n\t\t\t\t\t<div class=\"e-con-inner\">\n\t\t<div class=\"elementor-element elementor-element-d32da77 e-con-full e-flex wpr-particle-no wpr-jarallax-no wpr-parallax-no wpr-sticky-section-no wpr-equal-height-no elementor-invisible e-con e-child\" data-id=\"d32da77\" data-element_type=\"container\" data-e-type=\"container\" data-settings=\"{&quot;background_background&quot;:&quot;classic&quot;,&quot;animation&quot;:&quot;fadeInLeft&quot;,&quot;animation_delay&quot;:200}\">\n\t\t\t\t<div class=\"elementor-element elementor-element-42befff elementor-widget elementor-widget-heading\" data-id=\"42befff\" data-element_type=\"widget\" data-e-type=\"widget\" data-widget_type=\"heading.default\">\n\t\t\t\t<div class=\"elementor-widget-container\">\n\t\t\t\t\t<h4 class=\"elementor-heading-title elementor-size-default\">Ai g\u0103sit un job care \u021bi se potrive\u0219te?<\/h4>\t\t\t\t<\/div>\n\t\t\t\t<\/div>\n\t\t\t\t<div class=\"elementor-element elementor-element-790c4f2 elementor-widget elementor-widget-text-editor\" data-id=\"790c4f2\" data-element_type=\"widget\" data-e-type=\"widget\" data-widget_type=\"text-editor.default\">\n\t\t\t\t<div class=\"elementor-widget-container\">\n\t\t\t\t\t\t\t\t\t<p>Trimite-ne un email cu CV-ul t\u0103u, iar noi te vom contacta \u00een cel mai scurt timp. Sau aplic\u0103 folosind formularul de mai jos.<\/p>\t\t\t\t\t\t\t\t<\/div>\n\t\t\t\t<\/div>\n\t\t\t\t<div class=\"elementor-element elementor-element-8a1bb14 elementor-widget elementor-widget-menu-anchor\" data-id=\"8a1bb14\" data-element_type=\"widget\" data-e-type=\"widget\" data-widget_type=\"menu-anchor.default\">\n\t\t\t\t<div class=\"elementor-widget-container\">\n\t\t\t\t\t\t\t<div class=\"elementor-menu-anchor\" id=\"apply-now\"><\/div>\n\t\t\t\t\t\t<\/div>\n\t\t\t\t<\/div>\n\t\t\t\t<div class=\"elementor-element elementor-element-dec51af elementor-widget elementor-widget-shortcode\" data-id=\"dec51af\" data-element_type=\"widget\" data-e-type=\"widget\" data-widget_type=\"shortcode.default\">\n\t\t\t\t<div class=\"elementor-widget-container\">\n\t\t\t\t\t\t\t<div class=\"elementor-shortcode\"><div class=\"forminator-ui forminator-custom-form forminator-custom-form-2327 forminator-design--default  forminator_ajax\" data-forminator-render=\"0\" data-form=\"forminator-module-2327\" data-uid=\"69f71101735e6\"><br\/><\/div><form\n\t\t\t\tid=\"forminator-module-2327\"\n\t\t\t\tclass=\"forminator-ui forminator-custom-form forminator-custom-form-2327 forminator-design--default  forminator_ajax\"\n\t\t\t\tmethod=\"post\"\n\t\t\t\tdata-forminator-render=\"0\"\n\t\t\t\tdata-form-id=\"2327\"\n\t\t\t\tenctype=\"multipart\/form-data\" data-color-option=\"theme\" data-design=\"default\" data-grid=\"open\" style=\"display: none;\"\n\t\t\t\tdata-uid=\"69f71101735e6\"\n\t\t\t><div role=\"alert\" aria-live=\"polite\" class=\"forminator-response-message forminator-error\" aria-hidden=\"true\"><\/div><div class=\"forminator-row\"><div id=\"name-1\" class=\"forminator-field-name forminator-col forminator-col-12 \"><div class=\"forminator-row forminator-no-margin\" data-multiple=\"true\"><div class=\"forminator-col forminator-col-md-6\"><div class=\"forminator-field\"><label for=\"forminator-field-first-name-1_69f71101735e6\" id=\"forminator-field-first-name-1_69f71101735e6-label\" class=\"forminator-label\">Prenume <span class=\"forminator-required\">*<\/span><\/label><input type=\"text\" name=\"name-1-first-name\" placeholder=\"\" id=\"forminator-field-first-name-1_69f71101735e6\" class=\"forminator-input\" aria-required=\"true\" data-multi=\"1\" autocomplete=\"given-name\" value=\"\" \/><\/div><\/div><div class=\"forminator-col forminator-col-md-6\"><div class=\"forminator-field\"><label for=\"forminator-field-last-name-1_69f71101735e6\" id=\"forminator-field-last-name-1_69f71101735e6-label\" class=\"forminator-label\">Nume <span class=\"forminator-required\">*<\/span><\/label><input type=\"text\" name=\"name-1-last-name\" placeholder=\"\" id=\"forminator-field-last-name-1_69f71101735e6\" class=\"forminator-input\" aria-required=\"true\" data-multi=\"1\" autocomplete=\"family-name\" value=\"\" \/><\/div><\/div><\/div><\/div><\/div><div class=\"forminator-row\"><div id=\"email-1\" class=\"forminator-field-email forminator-col forminator-col-12 \"><div class=\"forminator-field\"><label for=\"forminator-field-email-1_69f71101735e6\" id=\"forminator-field-email-1_69f71101735e6-label\" class=\"forminator-label\">E-mail <span class=\"forminator-required\">*<\/span><\/label><input type=\"email\" name=\"email-1\" value=\"\" placeholder=\"\" id=\"forminator-field-email-1_69f71101735e6\" class=\"forminator-input forminator-email--field\" data-required=\"1\" aria-required=\"true\" autocomplete=\"email\" \/><\/div><\/div><\/div><div class=\"forminator-row\"><div id=\"phone-1\" class=\"forminator-field-phone forminator-col forminator-col-12 \"><div class=\"forminator-field\"><label for=\"forminator-field-phone-1_69f71101735e6\" id=\"forminator-field-phone-1_69f71101735e6-label\" class=\"forminator-label\">Num\u0103r de telefon <span class=\"forminator-required\">*<\/span><\/label><input type=\"text\" name=\"phone-1\" value=\"\" placeholder=\"\" id=\"forminator-field-phone-1_69f71101735e6\" class=\"forminator-input forminator-field--phone\" data-required=\"1\" aria-required=\"true\" autocomplete=\"off\" data-national_mode=\"enabled\" data-country=\"ro\" data-validation=\"standard\" \/><\/div><\/div><\/div><div class=\"forminator-row\"><div id=\"text-1\" class=\"forminator-field-text forminator-col forminator-col-12 \"><div class=\"forminator-field\"><label for=\"forminator-field-text-1_69f71101735e6\" id=\"forminator-field-text-1_69f71101735e6-label\" class=\"forminator-label\">Func\u021bia\/Pozi\u021bia vizat\u0103 <span class=\"forminator-required\">*<\/span><\/label><span id=\"forminator-field-text-1_69f71101735e6-description\" class=\"forminator-description\"><span data-limit=\"50\" data-type=\"characters\">0 \/ 50<\/span><\/span><input type=\"text\" name=\"text-1\" value=\"\" placeholder=\"\" id=\"forminator-field-text-1_69f71101735e6\" class=\"forminator-input forminator-name--field\" data-required=\"1\" maxlength=\"50\" \/><\/div><\/div><\/div><div class=\"forminator-row\"><div id=\"upload-1\" class=\"forminator-field-upload forminator-col forminator-col-12 \"><div class=\"forminator-field\"><label for=\"forminator-field-upload-1_69f71101735e6\" id=\"forminator-field-upload-1_69f71101735e6-label\" class=\"forminator-label\">\u00cencarc\u0103 CV-ul (format PDF) <span class=\"forminator-required\">*<\/span><\/label><div class=\"forminator-file-upload \" data-element=\"upload-1_69f71101735e6\"><input type=\"file\" name=\"upload-1\" id=\"forminator-field-upload-1_69f71101735e6\" class=\"forminator-input-file-required do-validate\" accept=\".avif,.heif,.heics,.heifs,.json,.pdf\" tabindex=\"-1\"><button id=\"forminator-field-upload-1_69f71101735e6_button\" class=\"forminator-button forminator-button-upload\" data-id=\"forminator-field-upload-1_69f71101735e6\">Choose File<\/button><span data-empty-text=\"No file chosen\">No file chosen<\/span><button class=\"forminator-button-delete\" style=\"display: none;\"><i class=\"forminator-icon-close\" aria-hidden=\"true\"><\/i><span class=\"forminator-screen-reader-only\">Delete uploaded file<\/span><\/button><\/div><\/div><\/div><\/div><div class=\"forminator-row\"><div id=\"consent-2\" class=\"forminator-field-consent forminator-col forminator-col-12 \"><div class=\"forminator-field\"><div class=\"forminator-checkbox__wrapper\"><label id=\"forminator-field-consent-2_69f71101735e6__label\" class=\"forminator-checkbox forminator-consent\"><input type=\"checkbox\" name=\"consent-2\" id=\"forminator-field-consent-2_69f71101735e6\" value=\"checked\" aria-labelledby=\"forminator-field-consent-2_69f71101735e6-label\" aria-describedby=\"forminator-field-consent-2_69f71101735e6__description\" data-required=\"true\" aria-required=\"true\" \/><span class=\"forminator-checkbox-box\" aria-hidden=\"true\"><\/span><\/label><div id=\"forminator-field-consent-2_69f71101735e6__description\" class=\"forminator-checkbox__label forminator-consent__label\"><p>Sunt de accord cu <a rel=\"noopener\" target=\"_blank\" href=\"https:\/\/hutitsolutions.com\/politica-de-confidentialitate\/\">politica de confiden\u021bialitate.<\/a><\/p><\/div><\/div><\/div><\/div><\/div><input type=\"hidden\" name=\"referer_url\" value=\"\" \/><div class=\"forminator-row forminator-row-last\"><div class=\"forminator-col\"><div class=\"forminator-field\"><button class=\"forminator-button forminator-button-submit\">Aplic\u0103 acum<\/button><\/div><\/div><\/div><input type=\"hidden\" id=\"forminator_nonce\" name=\"forminator_nonce\" value=\"51135c8cfa\" \/><input type=\"hidden\" name=\"_wp_http_referer\" value=\"\/ro\/wp-json\/wp\/v2\/pages\/2213\" \/><input type=\"hidden\" name=\"form_id\" value=\"2327\"><input type=\"hidden\" name=\"page_id\" value=\"2213\"><input type=\"hidden\" name=\"form_type\" value=\"default\"><input type=\"hidden\" name=\"current_url\" value=\"https:\/\/hutitsolutions.com\/ro\/cariere\/\"><input type=\"hidden\" name=\"render_id\" value=\"0\"><input type=\"hidden\" name=\"action\" value=\"forminator_submit_form_custom-forms\"><\/form><\/div>\n\t\t\t\t\t\t<\/div>\n\t\t\t\t<\/div>\n\t\t\t\t<\/div>\n\t\t<div class=\"elementor-element elementor-element-ccbc50d e-con-full e-flex wpr-particle-no wpr-jarallax-no wpr-parallax-no wpr-sticky-section-no wpr-equal-height-no e-con e-child\" data-id=\"ccbc50d\" data-element_type=\"container\" data-e-type=\"container\">\n\t\t\t\t<div class=\"elementor-element elementor-element-21d0986 elementor-widget elementor-widget-elementskit-blog-posts\" data-id=\"21d0986\" data-element_type=\"widget\" data-e-type=\"widget\" data-widget_type=\"elementskit-blog-posts.default\">\n\t\t\t\t<div class=\"elementor-widget-container\">\n\t\t\t\t\t<div class=\"ekit-wid-con\" >        <div id=\"post-items--21d0986\" class=\"row post-items\">\n                <\/div>\n       <\/div>\t\t\t\t<\/div>\n\t\t\t\t<\/div>\n\t\t\t\t<div class=\"elementor-element elementor-element-174331e elementor-absolute elementor-invisible elementor-widget elementor-widget-heading\" data-id=\"174331e\" data-element_type=\"widget\" data-e-type=\"widget\" data-settings=\"{&quot;_position&quot;:&quot;absolute&quot;,&quot;_animation&quot;:&quot;fadeIn&quot;,&quot;_animation_delay&quot;:400}\" data-widget_type=\"heading.default\">\n\t\t\t\t<div class=\"elementor-widget-container\">\n\t\t\t\t\t<h5 class=\"elementor-heading-title elementor-size-default\">&gt;&gt; Nu exist\u0103 pozi\u021bii deschise momentan<\/h5>\t\t\t\t<\/div>\n\t\t\t\t<\/div>\n\t\t\t\t<\/div>\n\t\t\t\t\t<\/div>\n\t\t\t\t<\/div>\n\t\t\t\t<\/div>\n\t\t\t\t<\/div>\n\t\t","protected":false},"excerpt":{"rendered":"<p>Cariere Dac\u0103 e\u0219ti pasionat de ceea ce faci, vrem s\u0103 te cunoa\u0219tem! Suntem mereu \u00een c\u0103utare de oameni talenta\u021bi \u0219i dornici s\u0103 evolueze. Dac\u0103 ai g\u0103sit un rol care \u021bi se potrive\u0219te, aplic\u0103 acum \u0219i te vom contacta! Ai g\u0103sit un job care \u021bi se potrive\u0219te? Trimite-ne un email cu CV-ul t\u0103u, iar noi te vom contacta \u00een cel mai scurt timp. Sau aplic\u0103 folosind formularul de mai jos. &gt;&gt; Nu exist\u0103 pozi\u021bii deschise momentan<\/p>\n","protected":false},"author":2,"featured_media":0,"parent":0,"menu_order":0,"comment_status":"closed","ping_status":"closed","template":"","meta":{"footnotes":""},"class_list":["post-2213","page","type-page","status-publish","hentry"],"blocksy_meta":[],"_links":{"self":[{"href":"https:\/\/hutitsolutions.com\/ro\/wp-json\/wp\/v2\/pages\/2213","targetHints":{"allow":["GET"]}}],"collection":[{"href":"https:\/\/hutitsolutions.com\/ro\/wp-json\/wp\/v2\/pages"}],"about":[{"href":"https:\/\/hutitsolutions.com\/ro\/wp-json\/wp\/v2\/types\/page"}],"author":[{"embeddable":true,"href":"https:\/\/hutitsolutions.com\/ro\/wp-json\/wp\/v2\/users\/2"}],"replies":[{"embeddable":true,"href":"https:\/\/hutitsolutions.com\/ro\/wp-json\/wp\/v2\/comments?post=2213"}],"version-history":[{"count":21,"href":"https:\/\/hutitsolutions.com\/ro\/wp-json\/wp\/v2\/pages\/2213\/revisions"}],"predecessor-version":[{"id":3049,"href":"https:\/\/hutitsolutions.com\/ro\/wp-json\/wp\/v2\/pages\/2213\/revisions\/3049"}],"wp:attachment":[{"href":"https:\/\/hutitsolutions.com\/ro\/wp-json\/wp\/v2\/media?parent=2213"}],"curies":[{"name":"wp","href":"https:\/\/api.w.org\/{rel}","templated":true}]}}